{"id":810,"date":"2020-07-21T13:05:25","date_gmt":"2020-07-21T11:05:25","guid":{"rendered":"http:\/\/teamgazzz58.com\/?page_id=810"},"modified":"2024-10-09T08:49:36","modified_gmt":"2024-10-09T06:49:36","slug":"bulletin-adhesion-annuelle","status":"publish","type":"page","link":"https:\/\/teamgazzz58.com\/index.php\/bulletin-adhesion-annuelle\/","title":{"rendered":"Le Club \/ Carte Privil\u00e8ge"},"content":{"rendered":"\n<p class=\"has-text-align-center\"><strong>Vous souhaitez int\u00e9grer notre Moto Club pour la saison 2025 ?<\/strong><\/p>\n\n\n\n<p><\/p>\n\n\n\n<h1 class=\"has-small-font-size wp-block-heading\">L&rsquo;association cr\u00e9\u00e9 en 2011 \u00ab\u00a0Forte de ses 10 ann\u00e9es d\u2019exp\u00e9rience dans la comp\u00e9tition moto, nationale, et internationale, ainsi que dans l\u2019organisation d\u2019\u00e9v\u00e8nements (roulages et stages de pilotages sur circuit), depuis 2016, le Team GAZZZ 58 est une association loi 1901 pour la promotion et l\u2019encadrement de ce sport. Elle est situ\u00e9e \u00e0 Toury Lurcy . Nous avons cr\u00e9\u00e9 un Garage associatif service m\u00e9canique ,achat \u00e9quipement,consommable ,conseil ,atelier tout \u00e9quip\u00e9. Riche de sa centaine d\u2019adh\u00e9rents, dont certains membres participe a des comp\u00e9titions telles que le championnat d\u2019Europe , (IRRC), la mythique courses sur l\u2019ile de man, (TT, Manx GP, TT Classic), le Promosport, championnat de France de la Montagne, .\u00a0\u00bb<\/h1>\n\n\n\n<p class=\"has-text-align-center\"><strong>B\u00e9n\u00e9ficiez de nombreux avantages et remises tout au long de la saison<\/strong><\/p>\n\n\n\n<p class=\"has-text-align-center has-large-font-size\"><strong><em>DEUX OPTIONS<\/em><\/strong><\/p>\n\n\n<div class=\"wp-block-image is-style-default\">\n<figure class=\"aligncenter size-thumbnail\"><img loading=\"lazy\" decoding=\"async\" width=\"150\" height=\"150\" src=\"https:\/\/teamgazzz58.com\/wp-content\/uploads\/2023\/12\/1-4-150x150.png\" alt=\"\" class=\"wp-image-2018\" srcset=\"https:\/\/teamgazzz58.com\/wp-content\/uploads\/2023\/12\/1-4-150x150.png 150w, https:\/\/teamgazzz58.com\/wp-content\/uploads\/2023\/12\/1-4-300x300.png 300w, https:\/\/teamgazzz58.com\/wp-content\/uploads\/2023\/12\/1-4.png 500w\" sizes=\"(max-width: 150px) 100vw, 150px\" \/><figcaption class=\"wp-element-caption\">Carte Club<br>30\u20ac<br>L&rsquo;adh\u00e9sion \u00e0 notre Moto Club en deux \u00e9tapes<br><br>1- Souscrire \u00e0 une licence FFM sur le site FFMOTO.org<br><br>2- Adh\u00e9rer au club directement aupr\u00e8s de la FFM<br><br><strong>Club : TeamGazzz58 &#8211; code : C3746 <\/strong><a href=\"https:\/\/www.ffmoto.org\/\" target=\"_blank\" rel=\"noreferrer noopener\">https:\/\/www.ffmoto.org\/<\/a><\/figcaption><\/figure><\/div>\n\n\n<p><\/p>\n\n\n<div class=\"wp-block-image\">\n<figure class=\"aligncenter size-full is-resized\"><img loading=\"lazy\" decoding=\"async\" src=\"https:\/\/teamgazzz58.com\/wp-content\/uploads\/2023\/12\/2-2.png\" alt=\"\" class=\"wp-image-2019\" width=\"176\" height=\"176\" srcset=\"https:\/\/teamgazzz58.com\/wp-content\/uploads\/2023\/12\/2-2.png 500w, https:\/\/teamgazzz58.com\/wp-content\/uploads\/2023\/12\/2-2-300x300.png 300w, https:\/\/teamgazzz58.com\/wp-content\/uploads\/2023\/12\/2-2-150x150.png 150w\" sizes=\"(max-width: 176px) 100vw, 176px\" \/><figcaption class=\"wp-element-caption\">Carte privil\u00e8ge<br>30\u20ac<br><br>Avec la carte privil\u00e8ge vous b\u00e9n\u00e9ficiez des m\u00eames avantages.<br>une carte vous sera envoyer .<\/figcaption><\/figure><\/div>\n\n\n<p class=\"has-text-align-center has-medium-font-size\"><strong><em>Lien Adh\u00e9sion Club<\/em><\/strong><\/p>\n\n\n\n<p class=\"has-text-align-center\"><a href=\"https:\/\/team-gazzz-58.s2.yapla.com\/fr\/process\" target=\"_blank\" rel=\"noreferrer noopener\">https:\/\/team-gazzz-58.s2.yapla.com\/fr\/process<\/a><\/p>\n\n\n\n<p class=\"has-text-align-center has-large-font-size\"><strong><em>Les deux options donnent droits aux m\u00eames avantages<\/em><\/strong><\/p>\n","protected":false},"excerpt":{"rendered":"<p>Vous souhaitez int\u00e9grer notre Moto Club pour la saison 2025 ? L&rsquo;association cr\u00e9\u00e9 en 2011 \u00ab\u00a0Forte de ses 10 ann\u00e9es d\u2019exp\u00e9rience dans la comp\u00e9tition moto, nationale, et internationale, ainsi que dans l\u2019organisation d\u2019\u00e9v\u00e8nements (roulages et stages de pilotages sur circuit), depuis 2016, le Team GAZZZ 58 est une association loi 1901 pour la promotion et [&hellip;]<\/p>\n","protected":false},"author":2,"featured_media":0,"parent":0,"menu_order":0,"comment_status":"closed","ping_status":"closed","template":"","meta":{"footnotes":""},"yoast_head":"<!-- This site is optimized with the Yoast SEO plugin v17.6 - https:\/\/yoast.com\/wordpress\/plugins\/seo\/ -->\n<title>Le Club \/ Carte Privil\u00e8ge - TEAM GAZZZ 58<\/title>\n<meta name=\"description\" content=\"Venez adh\u00e9rez \u00e0 notre association pour profiter de plein d&#039;avantage sur des pi\u00e8ces moto circuit et l&#039;\u00e9quipe motard.\" \/>\n<meta name=\"robots\" content=\"index, follow, max-snippet:-1, max-image-preview:large, max-video-preview:-1\" \/>\n<link rel=\"canonical\" href=\"https:\/\/teamgazzz58.com\/index.php\/bulletin-adhesion-annuelle\/\" \/>\n<meta property=\"og:locale\" content=\"fr_FR\" \/>\n<meta property=\"og:type\" content=\"article\" \/>\n<meta property=\"og:title\" content=\"Le Club \/ Carte Privil\u00e8ge - TEAM GAZZZ 58\" \/>\n<meta property=\"og:description\" content=\"Venez adh\u00e9rez \u00e0 notre association pour profiter de plein d&#039;avantage sur des pi\u00e8ces moto circuit et l&#039;\u00e9quipe motard.\" \/>\n<meta property=\"og:url\" content=\"https:\/\/teamgazzz58.com\/index.php\/bulletin-adhesion-annuelle\/\" \/>\n<meta property=\"og:site_name\" content=\"TEAM GAZZZ 58\" \/>\n<meta property=\"article:modified_time\" content=\"2024-10-09T06:49:36+00:00\" \/>\n<meta property=\"og:image\" content=\"https:\/\/teamgazzz58.com\/wp-content\/uploads\/2023\/12\/1-3.png\" \/>\n\t<meta property=\"og:image:width\" content=\"1050\" \/>\n\t<meta property=\"og:image:height\" content=\"600\" \/>\n<meta name=\"twitter:card\" content=\"summary_large_image\" \/>\n<meta name=\"twitter:label1\" content=\"Dur\u00e9e de lecture estim\u00e9e\" \/>\n\t<meta name=\"twitter:data1\" content=\"2 minutes\" \/>\n<script type=\"application\/ld+json\" class=\"yoast-schema-graph\">{\"@context\":\"https:\/\/schema.org\",\"@graph\":[{\"@type\":\"WebSite\",\"@id\":\"https:\/\/teamgazzz58.com\/#website\",\"url\":\"https:\/\/teamgazzz58.com\/\",\"name\":\"TEAM GAZZZ 58\",\"description\":\"Bienvenue\",\"potentialAction\":[{\"@type\":\"SearchAction\",\"target\":{\"@type\":\"EntryPoint\",\"urlTemplate\":\"https:\/\/teamgazzz58.com\/?s={search_term_string}\"},\"query-input\":\"required name=search_term_string\"}],\"inLanguage\":\"fr-FR\"},{\"@type\":\"ImageObject\",\"@id\":\"https:\/\/teamgazzz58.com\/index.php\/bulletin-adhesion-annuelle\/#primaryimage\",\"inLanguage\":\"fr-FR\",\"url\":\"https:\/\/teamgazzz58.com\/wp-content\/uploads\/2023\/12\/1-4.png\",\"contentUrl\":\"https:\/\/teamgazzz58.com\/wp-content\/uploads\/2023\/12\/1-4.png\",\"width\":500,\"height\":500},{\"@type\":\"WebPage\",\"@id\":\"https:\/\/teamgazzz58.com\/index.php\/bulletin-adhesion-annuelle\/#webpage\",\"url\":\"https:\/\/teamgazzz58.com\/index.php\/bulletin-adhesion-annuelle\/\",\"name\":\"Le Club \/ Carte Privil\\u00e8ge - TEAM GAZZZ 58\",\"isPartOf\":{\"@id\":\"https:\/\/teamgazzz58.com\/#website\"},\"primaryImageOfPage\":{\"@id\":\"https:\/\/teamgazzz58.com\/index.php\/bulletin-adhesion-annuelle\/#primaryimage\"},\"datePublished\":\"2020-07-21T11:05:25+00:00\",\"dateModified\":\"2024-10-09T06:49:36+00:00\",\"description\":\"Venez adh\\u00e9rez \\u00e0 notre association pour profiter de plein d'avantage sur des pi\\u00e8ces moto circuit et l'\\u00e9quipe motard.\",\"breadcrumb\":{\"@id\":\"https:\/\/teamgazzz58.com\/index.php\/bulletin-adhesion-annuelle\/#breadcrumb\"},\"inLanguage\":\"fr-FR\",\"potentialAction\":[{\"@type\":\"ReadAction\",\"target\":[\"https:\/\/teamgazzz58.com\/index.php\/bulletin-adhesion-annuelle\/\"]}]},{\"@type\":\"BreadcrumbList\",\"@id\":\"https:\/\/teamgazzz58.com\/index.php\/bulletin-adhesion-annuelle\/#breadcrumb\",\"itemListElement\":[{\"@type\":\"ListItem\",\"position\":1,\"name\":\"Accueil\",\"item\":\"https:\/\/teamgazzz58.com\/\"},{\"@type\":\"ListItem\",\"position\":2,\"name\":\"Le Club \/ Carte Privil\\u00e8ge\"}]}]}<\/script>\n<!-- \/ Yoast SEO plugin. -->","yoast_head_json":{"title":"Le Club \/ Carte Privil\u00e8ge - TEAM GAZZZ 58","description":"Venez adh\u00e9rez \u00e0 notre association pour profiter de plein d'avantage sur des pi\u00e8ces moto circuit et l'\u00e9quipe motard.","robots":{"index":"index","follow":"follow","max-snippet":"max-snippet:-1","max-image-preview":"max-image-preview:large","max-video-preview":"max-video-preview:-1"},"canonical":"https:\/\/teamgazzz58.com\/index.php\/bulletin-adhesion-annuelle\/","og_locale":"fr_FR","og_type":"article","og_title":"Le Club \/ Carte Privil\u00e8ge - TEAM GAZZZ 58","og_description":"Venez adh\u00e9rez \u00e0 notre association pour profiter de plein d'avantage sur des pi\u00e8ces moto circuit et l'\u00e9quipe motard.","og_url":"https:\/\/teamgazzz58.com\/index.php\/bulletin-adhesion-annuelle\/","og_site_name":"TEAM GAZZZ 58","article_modified_time":"2024-10-09T06:49:36+00:00","og_image":[{"width":1050,"height":600,"url":"https:\/\/teamgazzz58.com\/wp-content\/uploads\/2023\/12\/1-3.png","type":"image\/png"}],"twitter_card":"summary_large_image","twitter_misc":{"Dur\u00e9e de lecture estim\u00e9e":"2 minutes"},"schema":{"@context":"https:\/\/schema.org","@graph":[{"@type":"WebSite","@id":"https:\/\/teamgazzz58.com\/#website","url":"https:\/\/teamgazzz58.com\/","name":"TEAM GAZZZ 58","description":"Bienvenue","potentialAction":[{"@type":"SearchAction","target":{"@type":"EntryPoint","urlTemplate":"https:\/\/teamgazzz58.com\/?s={search_term_string}"},"query-input":"required name=search_term_string"}],"inLanguage":"fr-FR"},{"@type":"ImageObject","@id":"https:\/\/teamgazzz58.com\/index.php\/bulletin-adhesion-annuelle\/#primaryimage","inLanguage":"fr-FR","url":"https:\/\/teamgazzz58.com\/wp-content\/uploads\/2023\/12\/1-4.png","contentUrl":"https:\/\/teamgazzz58.com\/wp-content\/uploads\/2023\/12\/1-4.png","width":500,"height":500},{"@type":"WebPage","@id":"https:\/\/teamgazzz58.com\/index.php\/bulletin-adhesion-annuelle\/#webpage","url":"https:\/\/teamgazzz58.com\/index.php\/bulletin-adhesion-annuelle\/","name":"Le Club \/ Carte Privil\u00e8ge - TEAM GAZZZ 58","isPartOf":{"@id":"https:\/\/teamgazzz58.com\/#website"},"primaryImageOfPage":{"@id":"https:\/\/teamgazzz58.com\/index.php\/bulletin-adhesion-annuelle\/#primaryimage"},"datePublished":"2020-07-21T11:05:25+00:00","dateModified":"2024-10-09T06:49:36+00:00","description":"Venez adh\u00e9rez \u00e0 notre association pour profiter de plein d'avantage sur des pi\u00e8ces moto circuit et l'\u00e9quipe motard.","breadcrumb":{"@id":"https:\/\/teamgazzz58.com\/index.php\/bulletin-adhesion-annuelle\/#breadcrumb"},"inLanguage":"fr-FR","potentialAction":[{"@type":"ReadAction","target":["https:\/\/teamgazzz58.com\/index.php\/bulletin-adhesion-annuelle\/"]}]},{"@type":"BreadcrumbList","@id":"https:\/\/teamgazzz58.com\/index.php\/bulletin-adhesion-annuelle\/#breadcrumb","itemListElement":[{"@type":"ListItem","position":1,"name":"Accueil","item":"https:\/\/teamgazzz58.com\/"},{"@type":"ListItem","position":2,"name":"Le Club \/ Carte Privil\u00e8ge"}]}]}},"_links":{"self":[{"href":"https:\/\/teamgazzz58.com\/index.php\/wp-json\/wp\/v2\/pages\/810"}],"collection":[{"href":"https:\/\/teamgazzz58.com\/index.php\/wp-json\/wp\/v2\/pages"}],"about":[{"href":"https:\/\/teamgazzz58.com\/index.php\/wp-json\/wp\/v2\/types\/page"}],"author":[{"embeddable":true,"href":"https:\/\/teamgazzz58.com\/index.php\/wp-json\/wp\/v2\/users\/2"}],"replies":[{"embeddable":true,"href":"https:\/\/teamgazzz58.com\/index.php\/wp-json\/wp\/v2\/comments?post=810"}],"version-history":[{"count":32,"href":"https:\/\/teamgazzz58.com\/index.php\/wp-json\/wp\/v2\/pages\/810\/revisions"}],"predecessor-version":[{"id":2129,"href":"https:\/\/teamgazzz58.com\/index.php\/wp-json\/wp\/v2\/pages\/810\/revisions\/2129"}],"wp:attachment":[{"href":"https:\/\/teamgazzz58.com\/index.php\/wp-json\/wp\/v2\/media?parent=810"}],"curies":[{"name":"wp","href":"https:\/\/api.w.org\/{rel}","templated":true}]}}