{"id":666,"date":"2020-02-27T17:57:41","date_gmt":"2020-02-27T16:57:41","guid":{"rendered":"http:\/\/teamgazzz58.com\/?page_id=666"},"modified":"2024-03-14T15:35:01","modified_gmt":"2024-03-14T14:35:01","slug":"contacts","status":"publish","type":"page","link":"https:\/\/teamgazzz58.com\/index.php\/contacts\/","title":{"rendered":"Contact"},"content":{"rendered":"\n<div class=\"wp-block-group\"><div class=\"wp-block-group__inner-container is-layout-flow wp-block-group-is-layout-flow\">\n<div class=\"wp-block-group\"><div class=\"wp-block-group__inner-container is-layout-flow wp-block-group-is-layout-flow\"><div class=\"wp-block-image\">\n<figure class=\"aligncenter size-full\"><img decoding=\"async\" src=\"https:\/\/teamgazzz58.com\/wp-content\/uploads\/2021\/11\/cropped-cropped-logo-team-10-ans-1.png\" alt=\"\" class=\"wp-image-1363\"\/><figcaption class=\"wp-element-caption\"><strong>Details<\/strong><br><br>TeamGazzz58<br>39 Route de Moulins<br>58300 Toury Lurcy France<br><br><strong>Telephone <\/strong>:<br>07.67.42.11.49<br>09.53.30.22.76<br><br><strong>Courriel<\/strong><br>teamgazzz58@gmail.com<\/figcaption><\/figure><\/div><\/div><\/div>\n\n\n\n<p><\/p>\n<\/div><\/div>\n\n\n<div class=\"wp-block-image\">\n<figure class=\"aligncenter size-large is-resized\"><img loading=\"lazy\" decoding=\"async\" src=\"https:\/\/teamgazzz58.com\/wp-content\/uploads\/2024\/03\/IMG_0608-1-1024x768.jpg\" alt=\"\" class=\"wp-image-2067\" width=\"593\" height=\"445\" srcset=\"https:\/\/teamgazzz58.com\/wp-content\/uploads\/2024\/03\/IMG_0608-1-1024x768.jpg 1024w, https:\/\/teamgazzz58.com\/wp-content\/uploads\/2024\/03\/IMG_0608-1-300x225.jpg 300w, https:\/\/teamgazzz58.com\/wp-content\/uploads\/2024\/03\/IMG_0608-1-768x576.jpg 768w, https:\/\/teamgazzz58.com\/wp-content\/uploads\/2024\/03\/IMG_0608-1-1536x1152.jpg 1536w, https:\/\/teamgazzz58.com\/wp-content\/uploads\/2024\/03\/IMG_0608-1-2048x1536.jpg 2048w\" sizes=\"(max-width: 593px) 100vw, 593px\" \/><\/figure><\/div>\n\n\n<p class=\"has-text-align-center\"><\/p>\n\n\n<form method=\"POST\" action=\"https:\/\/teamgazzz58.com\/index.php\/contacts\/\" id=\"myscooterform\"><fieldset><h3>Vos Infos :<\/h3><p><label for=\"mail\"><span>Votre email :<\/span><input type=\"mail\" name=\"mail\" placeholder=\"Saisissez ici votre adresse mail...\" required=\"required\" autocomplete=\"off\" \/><\/label><\/p><p><label for=\"nom\"><span>Votre nom :<\/span><input type=\"text\" name=\"nom\" placeholder=\"Saisissez ici votre nom ou pseudo...\" required=\"required\" autocomplete=\"off\" \/><\/label><\/p><p><label for=\"url\"><span>Url de votre site (facultatif) :<\/span><input type=\"url\" name=\"url\" placeholder=\"Saisissez ici l'adresse de votre site web...\" autocomplete=\"off\" \/><\/label><\/p><h3>Votre message :<\/h3><p><textarea name=\"contenu\" style=\"font-size:18px;\" required=\"required\" placeholder=\"Saisissez ici le contenu de l'email que vous souhaitez nous adresser...\" minlength=\"20\"><\/textarea><\/p><h3>R\u00e9pondez \u00e0 la question de s\u00e9curit\u00e9 :<\/h3><p>J'ai dans mon panier 15 haricots magiques. Si j'en mange  3, combien m'en reste-t-il ?<\/p><p><input id=\"security_code\" name=\"security_code\" type=\"text\" required=\"required\" autocomplete=\"off\" \/><\/p><h3>RGPD<\/h3><p id=\"rgpdline\"><input type=\"checkbox\" id=\"rpgd\" name=\"rpgd\" value=\"RGPD Consent OK\" required=\"required\" \/><input name=\"captchalight\" id=\"scooter-captchalight\" value=\"3\" type=\"hidden\" \/><input type=\"checkbox\" id=\"scooter-cgv-u\" name=\"cgv\" \/><label for=\"rpgd\"> Ce site respecte le RGPD. Ceci \u00e9tant, en soumettant ce formulaire, j'accepte que les informations saisies soient exploit\u00e9es dans le cadre de ma demande afin de pouvoir obtenir une r\u00e9ponse par email dans les plus brefs d\u00e9lais.<\/label><\/p><p><input value=\"\u2709\ufe0f Envoyer\" type=\"submit\" name=\"submit\" \/><\/p><\/fieldset><\/form>\n","protected":false},"excerpt":{"rendered":"","protected":false},"author":2,"featured_media":0,"parent":0,"menu_order":0,"comment_status":"closed","ping_status":"closed","template":"","meta":{"footnotes":""},"yoast_head":"<!-- This site is optimized with the Yoast SEO plugin v17.6 - https:\/\/yoast.com\/wordpress\/plugins\/seo\/ -->\n<title>Contact - TEAM GAZZZ 58<\/title>\n<meta name=\"robots\" content=\"index, follow, max-snippet:-1, max-image-preview:large, max-video-preview:-1\" \/>\n<link rel=\"canonical\" href=\"https:\/\/teamgazzz58.com\/index.php\/contacts\/\" \/>\n<meta property=\"og:locale\" content=\"fr_FR\" \/>\n<meta property=\"og:type\" content=\"article\" \/>\n<meta property=\"og:title\" content=\"Contact - TEAM GAZZZ 58\" \/>\n<meta property=\"og:url\" content=\"https:\/\/teamgazzz58.com\/index.php\/contacts\/\" \/>\n<meta property=\"og:site_name\" content=\"TEAM GAZZZ 58\" \/>\n<meta property=\"article:modified_time\" content=\"2024-03-14T14:35:01+00:00\" \/>\n<meta property=\"og:image\" content=\"https:\/\/teamgazzz58.com\/wp-content\/uploads\/2021\/11\/cropped-cropped-logo-team-10-ans-1.png\" \/>\n<meta name=\"twitter:card\" content=\"summary_large_image\" \/>\n<meta name=\"twitter:label1\" content=\"Dur\u00e9e de lecture estim\u00e9e\" \/>\n\t<meta name=\"twitter:data1\" content=\"1 minute\" \/>\n<script type=\"application\/ld+json\" class=\"yoast-schema-graph\">{\"@context\":\"https:\/\/schema.org\",\"@graph\":[{\"@type\":\"WebSite\",\"@id\":\"https:\/\/teamgazzz58.com\/#website\",\"url\":\"https:\/\/teamgazzz58.com\/\",\"name\":\"TEAM GAZZZ 58\",\"description\":\"Bienvenue\",\"potentialAction\":[{\"@type\":\"SearchAction\",\"target\":{\"@type\":\"EntryPoint\",\"urlTemplate\":\"https:\/\/teamgazzz58.com\/?s={search_term_string}\"},\"query-input\":\"required name=search_term_string\"}],\"inLanguage\":\"fr-FR\"},{\"@type\":\"ImageObject\",\"@id\":\"https:\/\/teamgazzz58.com\/index.php\/contacts\/#primaryimage\",\"inLanguage\":\"fr-FR\",\"url\":\"https:\/\/teamgazzz58.com\/wp-content\/uploads\/2021\/11\/cropped-cropped-logo-team-10-ans-1.png\",\"contentUrl\":\"https:\/\/teamgazzz58.com\/wp-content\/uploads\/2021\/11\/cropped-cropped-logo-team-10-ans-1.png\"},{\"@type\":\"WebPage\",\"@id\":\"https:\/\/teamgazzz58.com\/index.php\/contacts\/#webpage\",\"url\":\"https:\/\/teamgazzz58.com\/index.php\/contacts\/\",\"name\":\"Contact - TEAM GAZZZ 58\",\"isPartOf\":{\"@id\":\"https:\/\/teamgazzz58.com\/#website\"},\"primaryImageOfPage\":{\"@id\":\"https:\/\/teamgazzz58.com\/index.php\/contacts\/#primaryimage\"},\"datePublished\":\"2020-02-27T16:57:41+00:00\",\"dateModified\":\"2024-03-14T14:35:01+00:00\",\"breadcrumb\":{\"@id\":\"https:\/\/teamgazzz58.com\/index.php\/contacts\/#breadcrumb\"},\"inLanguage\":\"fr-FR\",\"potentialAction\":[{\"@type\":\"ReadAction\",\"target\":[\"https:\/\/teamgazzz58.com\/index.php\/contacts\/\"]}]},{\"@type\":\"BreadcrumbList\",\"@id\":\"https:\/\/teamgazzz58.com\/index.php\/contacts\/#breadcrumb\",\"itemListElement\":[{\"@type\":\"ListItem\",\"position\":1,\"name\":\"Accueil\",\"item\":\"https:\/\/teamgazzz58.com\/\"},{\"@type\":\"ListItem\",\"position\":2,\"name\":\"Contact\"}]}]}<\/script>\n<!-- \/ Yoast SEO plugin. -->","yoast_head_json":{"title":"Contact - TEAM GAZZZ 58","robots":{"index":"index","follow":"follow","max-snippet":"max-snippet:-1","max-image-preview":"max-image-preview:large","max-video-preview":"max-video-preview:-1"},"canonical":"https:\/\/teamgazzz58.com\/index.php\/contacts\/","og_locale":"fr_FR","og_type":"article","og_title":"Contact - TEAM GAZZZ 58","og_url":"https:\/\/teamgazzz58.com\/index.php\/contacts\/","og_site_name":"TEAM GAZZZ 58","article_modified_time":"2024-03-14T14:35:01+00:00","og_image":[{"url":"https:\/\/teamgazzz58.com\/wp-content\/uploads\/2021\/11\/cropped-cropped-logo-team-10-ans-1.png"}],"twitter_card":"summary_large_image","twitter_misc":{"Dur\u00e9e de lecture estim\u00e9e":"1 minute"},"schema":{"@context":"https:\/\/schema.org","@graph":[{"@type":"WebSite","@id":"https:\/\/teamgazzz58.com\/#website","url":"https:\/\/teamgazzz58.com\/","name":"TEAM GAZZZ 58","description":"Bienvenue","potentialAction":[{"@type":"SearchAction","target":{"@type":"EntryPoint","urlTemplate":"https:\/\/teamgazzz58.com\/?s={search_term_string}"},"query-input":"required name=search_term_string"}],"inLanguage":"fr-FR"},{"@type":"ImageObject","@id":"https:\/\/teamgazzz58.com\/index.php\/contacts\/#primaryimage","inLanguage":"fr-FR","url":"https:\/\/teamgazzz58.com\/wp-content\/uploads\/2021\/11\/cropped-cropped-logo-team-10-ans-1.png","contentUrl":"https:\/\/teamgazzz58.com\/wp-content\/uploads\/2021\/11\/cropped-cropped-logo-team-10-ans-1.png"},{"@type":"WebPage","@id":"https:\/\/teamgazzz58.com\/index.php\/contacts\/#webpage","url":"https:\/\/teamgazzz58.com\/index.php\/contacts\/","name":"Contact - TEAM GAZZZ 58","isPartOf":{"@id":"https:\/\/teamgazzz58.com\/#website"},"primaryImageOfPage":{"@id":"https:\/\/teamgazzz58.com\/index.php\/contacts\/#primaryimage"},"datePublished":"2020-02-27T16:57:41+00:00","dateModified":"2024-03-14T14:35:01+00:00","breadcrumb":{"@id":"https:\/\/teamgazzz58.com\/index.php\/contacts\/#breadcrumb"},"inLanguage":"fr-FR","potentialAction":[{"@type":"ReadAction","target":["https:\/\/teamgazzz58.com\/index.php\/contacts\/"]}]},{"@type":"BreadcrumbList","@id":"https:\/\/teamgazzz58.com\/index.php\/contacts\/#breadcrumb","itemListElement":[{"@type":"ListItem","position":1,"name":"Accueil","item":"https:\/\/teamgazzz58.com\/"},{"@type":"ListItem","position":2,"name":"Contact"}]}]}},"_links":{"self":[{"href":"https:\/\/teamgazzz58.com\/index.php\/wp-json\/wp\/v2\/pages\/666"}],"collection":[{"href":"https:\/\/teamgazzz58.com\/index.php\/wp-json\/wp\/v2\/pages"}],"about":[{"href":"https:\/\/teamgazzz58.com\/index.php\/wp-json\/wp\/v2\/types\/page"}],"author":[{"embeddable":true,"href":"https:\/\/teamgazzz58.com\/index.php\/wp-json\/wp\/v2\/users\/2"}],"replies":[{"embeddable":true,"href":"https:\/\/teamgazzz58.com\/index.php\/wp-json\/wp\/v2\/comments?post=666"}],"version-history":[{"count":12,"href":"https:\/\/teamgazzz58.com\/index.php\/wp-json\/wp\/v2\/pages\/666\/revisions"}],"predecessor-version":[{"id":2068,"href":"https:\/\/teamgazzz58.com\/index.php\/wp-json\/wp\/v2\/pages\/666\/revisions\/2068"}],"wp:attachment":[{"href":"https:\/\/teamgazzz58.com\/index.php\/wp-json\/wp\/v2\/media?parent=666"}],"curies":[{"name":"wp","href":"https:\/\/api.w.org\/{rel}","templated":true}]}}